{"id":42706,"date":"2024-02-03T11:09:00","date_gmt":"2024-02-03T10:09:01","guid":{"rendered":"https:\/\/www.rr-om.com\/?post_type=product&#038;p=42706"},"modified":"2025-07-04T09:10:51","modified_gmt":"2025-07-04T07:10:51","slug":"shaded-moss-pro-mat-copy","status":"publish","type":"product","link":"https:\/\/www.rr-om.com\/es\/producto\/shaded-moss-pro-mat-copy\/","title":{"rendered":"Esterillas para ni\u00f1osE"},"content":{"rendered":"","protected":false},"excerpt":{"rendered":"<p><strong>\u00a1Presentamos Nuestra Esterillas Multifuncional para Ni\u00f1os!<\/strong><\/p>\n<p>Nuestras alfombrillas de ante vegano son incre\u00edblemente suaves y lujosas, creando el espacio perfecto para que tus peque\u00f1os disfruten del yoga, Pilates y una variedad de otras actividades divertidas.<\/p>\n<p>La magia de este material radica en su fant\u00e1stica superficie antideslizante que se mantiene en su lugar, incluso durante los movimientos m\u00e1s en\u00e9rgicos. Ofrece el agarre de una toalla combinado con la comodidad de una alfombrilla, garantizando seguridad y estabilidad. La alfombrilla aumenta la tracci\u00f3n a medida que tu hijo suda, reduciendo el riesgo de resbalones y lesiones. Ya sea estir\u00e1ndose, jugando o practicando su deporte favorito, \u00a1este producto todo en uno los tiene cubiertos! Cada alfombrilla viene con una conveniente correa negra para facilitar el transporte.<\/p>\n","protected":false},"featured_media":43053,"comment_status":"open","ping_status":"closed","template":"","meta":{"_acf_changed":false,"site-sidebar-layout":"default","site-content-layout":"default","ast-site-content-layout":"default","site-content-style":"default","site-sidebar-style":"default","ast-global-header-display":"","ast-banner-title-visibility":"","ast-main-header-display":"","ast-hfb-above-header-display":"","ast-hfb-below-header-display":"","ast-hfb-mobile-header-display":"","site-post-title":"","ast-breadcrumbs-content":"","ast-featured-img":"","footer-sml-layout":"","theme-transparent-header-meta":"default","adv-header-id-meta":"","stick-header-meta":"default","header-above-stick-meta":"","header-main-stick-meta":"","header-below-stick-meta":"","astra-migrate-meta-layouts":"set","ast-page-background-enabled":"default","ast-page-background-meta":{"desktop":{"background-color":"","background-image":"","background-repeat":"repeat","background-position":"center center","background-size":"auto","background-attachment":"scroll","background-type":"","background-media":"","overlay-type":"","overlay-color":"","overlay-gradient":""},"tablet":{"background-color":"","background-image":"","background-repeat":"repeat","background-position":"center center","background-size":"auto","background-attachment":"scroll","background-type":"","background-media":"","overlay-type":"","overlay-color":"","overlay-gradient":""},"mobile":{"background-color":"","background-image":"","background-repeat":"repeat","background-position":"center center","background-size":"auto","background-attachment":"scroll","background-type":"","background-media":"","overlay-type":"","overlay-color":"","overlay-gradient":""}},"ast-content-background-meta":{"desktop":{"background-color":"var(--ast-global-color-5)","background-image":"","background-repeat":"repeat","background-position":"center center","background-size":"auto","background-attachment":"scroll","background-type":"","background-media":"","overlay-type":"","overlay-color":"","overlay-gradient":""},"tablet":{"background-color":"var(--ast-global-color-5)","background-image":"","background-repeat":"repeat","background-position":"center center","background-size":"auto","background-attachment":"scroll","background-type":"","background-media":"","overlay-type":"","overlay-color":"","overlay-gradient":""},"mobile":{"background-color":"var(--ast-global-color-5)","background-image":"","background-repeat":"repeat","background-position":"center center","background-size":"auto","background-attachment":"scroll","background-type":"","background-media":"","overlay-type":"","overlay-color":"","overlay-gradient":""}}},"product_cat":[146,125,101],"product_tag":[],"giftcard-category":[],"acf":[],"_links":{"self":[{"href":"https:\/\/www.rr-om.com\/es\/wp-json\/wp\/v2\/product\/42706"}],"collection":[{"href":"https:\/\/www.rr-om.com\/es\/wp-json\/wp\/v2\/product"}],"about":[{"href":"https:\/\/www.rr-om.com\/es\/wp-json\/wp\/v2\/types\/product"}],"replies":[{"embeddable":true,"href":"https:\/\/www.rr-om.com\/es\/wp-json\/wp\/v2\/comments?post=42706"}],"wp:featuredmedia":[{"embeddable":true,"href":"https:\/\/www.rr-om.com\/es\/wp-json\/wp\/v2\/media\/43053"}],"wp:attachment":[{"href":"https:\/\/www.rr-om.com\/es\/wp-json\/wp\/v2\/media?parent=42706"}],"wp:term":[{"taxonomy":"product_cat","embeddable":true,"href":"https:\/\/www.rr-om.com\/es\/wp-json\/wp\/v2\/product_cat?post=42706"},{"taxonomy":"product_tag","embeddable":true,"href":"https:\/\/www.rr-om.com\/es\/wp-json\/wp\/v2\/product_tag?post=42706"},{"taxonomy":"giftcard-category","embeddable":true,"href":"https:\/\/www.rr-om.com\/es\/wp-json\/wp\/v2\/giftcard-category?post=42706"}],"curies":[{"name":"wp","href":"https:\/\/api.w.org\/{rel}","templated":true}]}}