{"id":42535,"date":"2023-09-25T21:42:56","date_gmt":"2023-09-25T19:42:56","guid":{"rendered":"https:\/\/www.rr-om.com\/product\/es-yoga-accesorios-descuento-en-combo-oferta-limitada\/"},"modified":"2023-09-25T21:42:56","modified_gmt":"2023-09-25T19:42:56","slug":"es-yoga-accesorios-descuento-en-combo-oferta-limitada","status":"publish","type":"product","link":"https:\/\/www.rr-om.com\/es\/producto\/es-yoga-accesorios-descuento-en-combo-oferta-limitada\/","title":{"rendered":"Descuento en Combo (Oferta Limitada)"},"content":{"rendered":"","protected":false},"excerpt":{"rendered":"<p><strong>Presentamos Nuestro Combo de Accesorios de Yoga: \u00a1Eleva tu Pr\u00e1ctica de Yoga!<\/strong><\/p>\n<p><strong>Bloque de Yoga de Corcho Natural:<\/strong> Nuestro bloque de yoga de corcho natural de alta calidad est\u00e1 dise\u00f1ado para mejorar tu experiencia de yoga. Proporciona un soporte excepcional y estabilidad, permiti\u00e9ndote lograr estiramientos m\u00e1s profundos y mantener una alineaci\u00f3n adecuada en cada postura. Di adi\u00f3s a las molestias y da la bienvenida a una pr\u00e1ctica m\u00e1s c\u00f3moda.<\/p>\n<p><strong>Bolas de Masaje Knotty:<\/strong> \u00a1Di adi\u00f3s a los nudos y m\u00fasculos tensos! Nuestras Bolas de Masaje Knotty est\u00e1n especialmente dise\u00f1adas para focalizarse en esas \u00e1reas molestas que necesitan atenci\u00f3n. Ya seas un atleta o simplemente busques alivio despu\u00e9s del ejercicio, estas bolas de masaje son perfectas para reducir el dolor y mejorar tu amplitud de movimiento.<\/p>\n<p><strong>&#8211; \u00a1Oferta por Tiempo Limitado: Descuento Especial! &#8211;<\/strong><\/p>\n<p>Por tiempo limitado, ofrecemos un descuento exclusivo en el Combo de Accesorios de Yoga. Eleva tu pr\u00e1ctica de yoga, mejora la recuperaci\u00f3n y experimenta los beneficios de estos esenciales accesorios de yoga a una fracci\u00f3n del precio.<\/p>\n<p>\u00a1No te lo pierdas! Obt\u00e9n tu Combo de Accesorios de Yoga hoy mismo y sum\u00e9rgete en una nueva era de bienestar y autocuidado.<\/p>\n","protected":false},"featured_media":15659,"comment_status":"open","ping_status":"closed","template":"","meta":{"_acf_changed":false,"site-sidebar-layout":"default","site-content-layout":"default","ast-site-content-layout":"","site-content-style":"default","site-sidebar-style":"default","ast-global-header-display":"","ast-banner-title-visibility":"","ast-main-header-display":"","ast-hfb-above-header-display":"","ast-hfb-below-header-display":"","ast-hfb-mobile-header-display":"","site-post-title":"","ast-breadcrumbs-content":"","ast-featured-img":"","footer-sml-layout":"","theme-transparent-header-meta":"default","adv-header-id-meta":"","stick-header-meta":"default","header-above-stick-meta":"","header-main-stick-meta":"","header-below-stick-meta":"","astra-migrate-meta-layouts":"","ast-page-background-enabled":"default","ast-page-background-meta":{"desktop":{"background-color":"","background-image":"","background-repeat":"repeat","background-position":"center center","background-size":"auto","background-attachment":"scroll","background-type":"","background-media":"","overlay-type":"","overlay-color":"","overlay-gradient":""},"tablet":{"background-color":"","background-image":"","background-repeat":"repeat","background-position":"center center","background-size":"auto","background-attachment":"scroll","background-type":"","background-media":"","overlay-type":"","overlay-color":"","overlay-gradient":""},"mobile":{"background-color":"","background-image":"","background-repeat":"repeat","background-position":"center center","background-size":"auto","background-attachment":"scroll","background-type":"","background-media":"","overlay-type":"","overlay-color":"","overlay-gradient":""}},"ast-content-background-meta":{"desktop":{"background-color":"var(--ast-global-color-5)","background-image":"","background-repeat":"repeat","background-position":"center center","background-size":"auto","background-attachment":"scroll","background-type":"","background-media":"","overlay-type":"","overlay-color":"","overlay-gradient":""},"tablet":{"background-color":"var(--ast-global-color-5)","background-image":"","background-repeat":"repeat","background-position":"center center","background-size":"auto","background-attachment":"scroll","background-type":"","background-media":"","overlay-type":"","overlay-color":"","overlay-gradient":""},"mobile":{"background-color":"var(--ast-global-color-5)","background-image":"","background-repeat":"repeat","background-position":"center center","background-size":"auto","background-attachment":"scroll","background-type":"","background-media":"","overlay-type":"","overlay-color":"","overlay-gradient":""}}},"product_cat":[94],"product_tag":[],"giftcard-category":[],"acf":[],"_links":{"self":[{"href":"https:\/\/www.rr-om.com\/es\/wp-json\/wp\/v2\/product\/42535"}],"collection":[{"href":"https:\/\/www.rr-om.com\/es\/wp-json\/wp\/v2\/product"}],"about":[{"href":"https:\/\/www.rr-om.com\/es\/wp-json\/wp\/v2\/types\/product"}],"replies":[{"embeddable":true,"href":"https:\/\/www.rr-om.com\/es\/wp-json\/wp\/v2\/comments?post=42535"}],"wp:featuredmedia":[{"embeddable":true,"href":"https:\/\/www.rr-om.com\/es\/wp-json\/wp\/v2\/media\/15659"}],"wp:attachment":[{"href":"https:\/\/www.rr-om.com\/es\/wp-json\/wp\/v2\/media?parent=42535"}],"wp:term":[{"taxonomy":"product_cat","embeddable":true,"href":"https:\/\/www.rr-om.com\/es\/wp-json\/wp\/v2\/product_cat?post=42535"},{"taxonomy":"product_tag","embeddable":true,"href":"https:\/\/www.rr-om.com\/es\/wp-json\/wp\/v2\/product_tag?post=42535"},{"taxonomy":"giftcard-category","embeddable":true,"href":"https:\/\/www.rr-om.com\/es\/wp-json\/wp\/v2\/giftcard-category?post=42535"}],"curies":[{"name":"wp","href":"https:\/\/api.w.org\/{rel}","templated":true}]}}