{"id":34270,"date":"2021-11-07T19:59:25","date_gmt":"2021-11-07T18:59:25","guid":{"rendered":"https:\/\/www.rr-om.com\/producto\/iron-mountain-coming-soon-2\/"},"modified":"2025-12-12T11:00:52","modified_gmt":"2025-12-12T10:00:52","slug":"iron-mountain","status":"publish","type":"product","link":"https:\/\/www.rr-om.com\/es\/producto\/iron-mountain\/","title":{"rendered":"Iron Mountain Pro Mat"},"content":{"rendered":"","protected":false},"excerpt":{"rendered":"<div class=\"woocommerce-product-details__short-description\">\n<p>\u00a1Las alfombrillas de la colecci\u00f3n Artist son nuestro NUEVO \u00daLTIMO PRODUCTO! Estos grabados est\u00e1n realizados exclusivamente por artistas. Para nuestra primera colecci\u00f3n, hemos colaborado con la incre\u00edble ilustradora, dise\u00f1adora (y yogui) Marina Guiu, de nuestra ciudad, Barcelona. \u00bfTienes curiosidad por conocer la historia detr\u00e1s de estas esterillas? \u00a1<a href=\"https:\/\/www.rr-om.com\/es\/coleccion-de-artistas\/\">Haga clic aqu\u00ed<\/a>!<\/p>\n<p>Estas alfombrillas de ante vegano son suaves y elegantes, lo que hace que sea extremadamente atractivo estar en la alfombrilla y disfrutar de esas transiciones suaves!<\/p>\n<p>\u00a1La magia detr\u00e1s de este material es que aumenta la tracci\u00f3n a medida que transpiras! Cuanto mas h\u00famedo mayor agarre. Obligate de la toalla encima de una esterilla de yoga. La base de nuestras esterillas se adhiere al suelo, asegur\u00e1ndose de que puedas disfrutar de esa capa superior suave sin que se desplace o se amontone bajo tus pies mientras practicas. Reduce resbalones y lesiones. Solo necesitas t\u00fa esterilla \u201cTODO EN UNO\u201d que ademas vienen con una correa de transporte negra incluida.<\/p>\n<\/div>\n","protected":false},"featured_media":39470,"comment_status":"open","ping_status":"closed","template":"","meta":{"_acf_changed":false,"site-sidebar-layout":"default","site-content-layout":"default","ast-site-content-layout":"default","site-content-style":"default","site-sidebar-style":"default","ast-global-header-display":"","ast-banner-title-visibility":"","ast-main-header-display":"","ast-hfb-above-header-display":"","ast-hfb-below-header-display":"","ast-hfb-mobile-header-display":"","site-post-title":"","ast-breadcrumbs-content":"","ast-featured-img":"","footer-sml-layout":"","theme-transparent-header-meta":"default","adv-header-id-meta":"","stick-header-meta":"default","header-above-stick-meta":"","header-main-stick-meta":"","header-below-stick-meta":"","astra-migrate-meta-layouts":"","ast-page-background-enabled":"default","ast-page-background-meta":{"desktop":{"background-color":"","background-image":"","background-repeat":"repeat","background-position":"center center","background-size":"auto","background-attachment":"scroll","background-type":"","background-media":"","overlay-type":"","overlay-color":"","overlay-gradient":""},"tablet":{"background-color":"","background-image":"","background-repeat":"repeat","background-position":"center center","background-size":"auto","background-attachment":"scroll","background-type":"","background-media":"","overlay-type":"","overlay-color":"","overlay-gradient":""},"mobile":{"background-color":"","background-image":"","background-repeat":"repeat","background-position":"center center","background-size":"auto","background-attachment":"scroll","background-type":"","background-media":"","overlay-type":"","overlay-color":"","overlay-gradient":""}},"ast-content-background-meta":{"desktop":{"background-color":"var(--ast-global-color-5)","background-image":"","background-repeat":"repeat","background-position":"center center","background-size":"auto","background-attachment":"scroll","background-type":"","background-media":"","overlay-type":"","overlay-color":"","overlay-gradient":""},"tablet":{"background-color":"var(--ast-global-color-5)","background-image":"","background-repeat":"repeat","background-position":"center center","background-size":"auto","background-attachment":"scroll","background-type":"","background-media":"","overlay-type":"","overlay-color":"","overlay-gradient":""},"mobile":{"background-color":"var(--ast-global-color-5)","background-image":"","background-repeat":"repeat","background-position":"center center","background-size":"auto","background-attachment":"scroll","background-type":"","background-media":"","overlay-type":"","overlay-color":"","overlay-gradient":""}}},"product_cat":[125,101,108],"product_tag":[],"giftcard-category":[],"acf":[],"_links":{"self":[{"href":"https:\/\/www.rr-om.com\/es\/wp-json\/wp\/v2\/product\/34270"}],"collection":[{"href":"https:\/\/www.rr-om.com\/es\/wp-json\/wp\/v2\/product"}],"about":[{"href":"https:\/\/www.rr-om.com\/es\/wp-json\/wp\/v2\/types\/product"}],"replies":[{"embeddable":true,"href":"https:\/\/www.rr-om.com\/es\/wp-json\/wp\/v2\/comments?post=34270"}],"wp:featuredmedia":[{"embeddable":true,"href":"https:\/\/www.rr-om.com\/es\/wp-json\/wp\/v2\/media\/39470"}],"wp:attachment":[{"href":"https:\/\/www.rr-om.com\/es\/wp-json\/wp\/v2\/media?parent=34270"}],"wp:term":[{"taxonomy":"product_cat","embeddable":true,"href":"https:\/\/www.rr-om.com\/es\/wp-json\/wp\/v2\/product_cat?post=34270"},{"taxonomy":"product_tag","embeddable":true,"href":"https:\/\/www.rr-om.com\/es\/wp-json\/wp\/v2\/product_tag?post=34270"},{"taxonomy":"giftcard-category","embeddable":true,"href":"https:\/\/www.rr-om.com\/es\/wp-json\/wp\/v2\/giftcard-category?post=34270"}],"curies":[{"name":"wp","href":"https:\/\/api.w.org\/{rel}","templated":true}]}}