{"id":17969,"date":"2021-02-24T19:37:08","date_gmt":"2021-02-24T18:37:08","guid":{"rendered":"https:\/\/www.rr-om.com\/?post_type=product&#038;p=17969"},"modified":"2025-11-28T13:55:48","modified_gmt":"2025-11-28T12:55:48","slug":"pitch-black-handstand","status":"publish","type":"product","link":"https:\/\/www.rr-om.com\/es\/producto\/pitch-black-handstand\/","title":{"rendered":"Pitch Black Handstand"},"content":{"rendered":"<p>Esterilla para handstand yoga. Especialimente dise\u00f1ada para que te mantengas bien agarrado durante tus posturas invertidas. La handstand yoga mat te ofrece una superficie especialmente pensada para practicar con total seguridad.<\/p>\n","protected":false},"excerpt":{"rendered":"<p style=\"text-align: left;\">Conoce nuestra<strong> &#8211; <\/strong><strong>PITCH BLACK HANDSTAND &#8211;<\/strong>\u00a0Ideal como complemento para practicar invertidas con una correcta alineaci\u00f3n.<\/p>\n<p style=\"text-align: left;\">Esta esterilla te mantendr\u00e1 ENGANCHADO para que tu invertida sea m\u00e1s segura.Su capa de PU es de alta duraci\u00f3n y calidad unida a su base hecha de caucho natural.Peque\u00f1a, ligera y f\u00e1cil de llevar.<\/p>\n","protected":false},"featured_media":39460,"comment_status":"open","ping_status":"closed","template":"","meta":{"_acf_changed":false,"site-sidebar-layout":"default","site-content-layout":"default","ast-site-content-layout":"default","site-content-style":"default","site-sidebar-style":"default","ast-global-header-display":"","ast-banner-title-visibility":"","ast-main-header-display":"","ast-hfb-above-header-display":"","ast-hfb-below-header-display":"","ast-hfb-mobile-header-display":"","site-post-title":"","ast-breadcrumbs-content":"","ast-featured-img":"","footer-sml-layout":"","theme-transparent-header-meta":"default","adv-header-id-meta":"","stick-header-meta":"default","header-above-stick-meta":"","header-main-stick-meta":"","header-below-stick-meta":"","astra-migrate-meta-layouts":"","ast-page-background-enabled":"default","ast-page-background-meta":{"desktop":{"background-color":"","background-image":"","background-repeat":"repeat","background-position":"center center","background-size":"auto","background-attachment":"scroll","background-type":"","background-media":"","overlay-type":"","overlay-color":"","overlay-gradient":""},"tablet":{"background-color":"","background-image":"","background-repeat":"repeat","background-position":"center center","background-size":"auto","background-attachment":"scroll","background-type":"","background-media":"","overlay-type":"","overlay-color":"","overlay-gradient":""},"mobile":{"background-color":"","background-image":"","background-repeat":"repeat","background-position":"center center","background-size":"auto","background-attachment":"scroll","background-type":"","background-media":"","overlay-type":"","overlay-color":"","overlay-gradient":""}},"ast-content-background-meta":{"desktop":{"background-color":"var(--ast-global-color-5)","background-image":"","background-repeat":"repeat","background-position":"center center","background-size":"auto","background-attachment":"scroll","background-type":"","background-media":"","overlay-type":"","overlay-color":"","overlay-gradient":""},"tablet":{"background-color":"var(--ast-global-color-5)","background-image":"","background-repeat":"repeat","background-position":"center center","background-size":"auto","background-attachment":"scroll","background-type":"","background-media":"","overlay-type":"","overlay-color":"","overlay-gradient":""},"mobile":{"background-color":"var(--ast-global-color-5)","background-image":"","background-repeat":"repeat","background-position":"center center","background-size":"auto","background-attachment":"scroll","background-type":"","background-media":"","overlay-type":"","overlay-color":"","overlay-gradient":""}}},"product_cat":[125,104],"product_tag":[],"giftcard-category":[],"acf":[],"_links":{"self":[{"href":"https:\/\/www.rr-om.com\/es\/wp-json\/wp\/v2\/product\/17969"}],"collection":[{"href":"https:\/\/www.rr-om.com\/es\/wp-json\/wp\/v2\/product"}],"about":[{"href":"https:\/\/www.rr-om.com\/es\/wp-json\/wp\/v2\/types\/product"}],"replies":[{"embeddable":true,"href":"https:\/\/www.rr-om.com\/es\/wp-json\/wp\/v2\/comments?post=17969"}],"wp:featuredmedia":[{"embeddable":true,"href":"https:\/\/www.rr-om.com\/es\/wp-json\/wp\/v2\/media\/39460"}],"wp:attachment":[{"href":"https:\/\/www.rr-om.com\/es\/wp-json\/wp\/v2\/media?parent=17969"}],"wp:term":[{"taxonomy":"product_cat","embeddable":true,"href":"https:\/\/www.rr-om.com\/es\/wp-json\/wp\/v2\/product_cat?post=17969"},{"taxonomy":"product_tag","embeddable":true,"href":"https:\/\/www.rr-om.com\/es\/wp-json\/wp\/v2\/product_tag?post=17969"},{"taxonomy":"giftcard-category","embeddable":true,"href":"https:\/\/www.rr-om.com\/es\/wp-json\/wp\/v2\/giftcard-category?post=17969"}],"curies":[{"name":"wp","href":"https:\/\/api.w.org\/{rel}","templated":true}]}}