{"id":17356,"date":"2021-01-11T19:41:30","date_gmt":"2021-01-11T18:41:30","guid":{"rendered":"https:\/\/www.rr-om.com\/?post_type=product&#038;p=17356"},"modified":"2026-03-18T16:55:06","modified_gmt":"2026-03-18T15:55:06","slug":"more-than-blush","status":"publish","type":"product","link":"https:\/\/www.rr-om.com\/es\/producto\/more-than-blush\/","title":{"rendered":"MORE THAN BLUSH Pro Mat"},"content":{"rendered":"<p><br data-mce-bogus=\"1\"><\/p>\n","protected":false},"excerpt":{"rendered":"<p>Nuestras esterillas de yoga veganas, son suaves y minimalistas, invit\u00e1ndote a practicar en ellas.<\/p>\n<p>La magia detr\u00e1s de este material es que te da un agarre anti-deslizante al humedecerla, incrementando la tracci\u00f3n al transpirar. Su peso evita que la esterilla se mueva o enrolle de nuevo haciendo entorpecer tu pr\u00e1ctica.<\/p>\n<p>Su superficie te da una adherencia con la humedad suave&nbsp; al tacto y su grosor proporciona un coj\u00edn de espesor ideal para que no pierdas el equilibrio pero a la vez proporcionando la comodidad necesarias para la pr\u00e1ctica.<\/p>\n<p>Incluye su cinta para transportar.<\/p>\n","protected":false},"featured_media":42746,"comment_status":"open","ping_status":"closed","template":"","meta":{"_acf_changed":false,"site-sidebar-layout":"default","site-content-layout":"default","ast-site-content-layout":"default","site-content-style":"default","site-sidebar-style":"default","ast-global-header-display":"","ast-banner-title-visibility":"","ast-main-header-display":"","ast-hfb-above-header-display":"","ast-hfb-below-header-display":"","ast-hfb-mobile-header-display":"","site-post-title":"","ast-breadcrumbs-content":"","ast-featured-img":"","footer-sml-layout":"","theme-transparent-header-meta":"default","adv-header-id-meta":"","stick-header-meta":"default","header-above-stick-meta":"","header-main-stick-meta":"","header-below-stick-meta":"","astra-migrate-meta-layouts":"","ast-page-background-enabled":"default","ast-page-background-meta":{"desktop":{"background-color":"","background-image":"","background-repeat":"repeat","background-position":"center center","background-size":"auto","background-attachment":"scroll","background-type":"","background-media":"","overlay-type":"","overlay-color":"","overlay-gradient":""},"tablet":{"background-color":"","background-image":"","background-repeat":"repeat","background-position":"center center","background-size":"auto","background-attachment":"scroll","background-type":"","background-media":"","overlay-type":"","overlay-color":"","overlay-gradient":""},"mobile":{"background-color":"","background-image":"","background-repeat":"repeat","background-position":"center center","background-size":"auto","background-attachment":"scroll","background-type":"","background-media":"","overlay-type":"","overlay-color":"","overlay-gradient":""}},"ast-content-background-meta":{"desktop":{"background-color":"var(--ast-global-color-5)","background-image":"","background-repeat":"repeat","background-position":"center center","background-size":"auto","background-attachment":"scroll","background-type":"","background-media":"","overlay-type":"","overlay-color":"","overlay-gradient":""},"tablet":{"background-color":"var(--ast-global-color-5)","background-image":"","background-repeat":"repeat","background-position":"center center","background-size":"auto","background-attachment":"scroll","background-type":"","background-media":"","overlay-type":"","overlay-color":"","overlay-gradient":""},"mobile":{"background-color":"var(--ast-global-color-5)","background-image":"","background-repeat":"repeat","background-position":"center center","background-size":"auto","background-attachment":"scroll","background-type":"","background-media":"","overlay-type":"","overlay-color":"","overlay-gradient":""}}},"product_cat":[125,101,102],"product_tag":[],"giftcard-category":[],"acf":[],"_links":{"self":[{"href":"https:\/\/www.rr-om.com\/es\/wp-json\/wp\/v2\/product\/17356"}],"collection":[{"href":"https:\/\/www.rr-om.com\/es\/wp-json\/wp\/v2\/product"}],"about":[{"href":"https:\/\/www.rr-om.com\/es\/wp-json\/wp\/v2\/types\/product"}],"replies":[{"embeddable":true,"href":"https:\/\/www.rr-om.com\/es\/wp-json\/wp\/v2\/comments?post=17356"}],"wp:featuredmedia":[{"embeddable":true,"href":"https:\/\/www.rr-om.com\/es\/wp-json\/wp\/v2\/media\/42746"}],"wp:attachment":[{"href":"https:\/\/www.rr-om.com\/es\/wp-json\/wp\/v2\/media?parent=17356"}],"wp:term":[{"taxonomy":"product_cat","embeddable":true,"href":"https:\/\/www.rr-om.com\/es\/wp-json\/wp\/v2\/product_cat?post=17356"},{"taxonomy":"product_tag","embeddable":true,"href":"https:\/\/www.rr-om.com\/es\/wp-json\/wp\/v2\/product_tag?post=17356"},{"taxonomy":"giftcard-category","embeddable":true,"href":"https:\/\/www.rr-om.com\/es\/wp-json\/wp\/v2\/giftcard-category?post=17356"}],"curies":[{"name":"wp","href":"https:\/\/api.w.org\/{rel}","templated":true}]}}