{"id":42705,"date":"2024-02-03T11:09:00","date_gmt":"2024-02-03T10:09:01","guid":{"rendered":"https:\/\/www.rr-om.com\/?post_type=product&#038;p=42705"},"modified":"2024-06-01T22:30:55","modified_gmt":"2024-06-01T20:30:55","slug":"shaded-moss-pro-mat-copy","status":"publish","type":"product","link":"https:\/\/www.rr-om.com\/de\/produkt\/shaded-moss-pro-mat-copy\/","title":{"rendered":"Kindermatte"},"content":{"rendered":"","protected":false},"excerpt":{"rendered":"<p><strong>Wir pr\u00e4sentieren unsere Multifunktions-Kindermatte!<\/strong><\/p>\n<p>Unsere Matten aus veganem Wildleder sind unglaublich weich und luxuri\u00f6s und schaffen den perfekten Raum, damit deine Kleinen Yoga, Pilates und eine Vielzahl anderer unterhaltsamer Aktivit\u00e4ten genie\u00dfen k\u00f6nnen.<\/p>\n<p>Die Magie dieses Materials liegt in seiner fantastischen rutschfesten Oberfl\u00e4che, die auch bei den energischsten Bewegungen an Ort und Stelle bleibt. Sie bietet den Griff eines Handtuchs kombiniert mit dem Komfort einer Matte, was Sicherheit und Stabilit\u00e4t gew\u00e4hrleistet. Die Matte erh\u00f6ht die Traktion, wenn dein Kind schwitzt, und verringert das Risiko von Ausrutschen und Verletzungen. Ob beim Dehnen, Spielen oder beim Aus\u00fcben ihres Lieblingssports \u2013 dieses All-in-One-Produkt hat alles, was sie brauchen! Jede Matte wird mit einem praktischen schwarzen Gurt geliefert, um den Transport zu erleichtern.<\/p>\n","protected":false},"featured_media":43052,"comment_status":"open","ping_status":"closed","template":"","meta":{"_acf_changed":false,"site-sidebar-layout":"default","site-content-layout":"default","ast-site-content-layout":"default","site-content-style":"default","site-sidebar-style":"default","ast-global-header-display":"","ast-banner-title-visibility":"","ast-main-header-display":"","ast-hfb-above-header-display":"","ast-hfb-below-header-display":"","ast-hfb-mobile-header-display":"","site-post-title":"","ast-breadcrumbs-content":"","ast-featured-img":"","footer-sml-layout":"","theme-transparent-header-meta":"default","adv-header-id-meta":"","stick-header-meta":"default","header-above-stick-meta":"","header-main-stick-meta":"","header-below-stick-meta":"","astra-migrate-meta-layouts":"set","ast-page-background-enabled":"default","ast-page-background-meta":{"desktop":{"background-color":"","background-image":"","background-repeat":"repeat","background-position":"center center","background-size":"auto","background-attachment":"scroll","background-type":"","background-media":"","overlay-type":"","overlay-color":"","overlay-gradient":""},"tablet":{"background-color":"","background-image":"","background-repeat":"repeat","background-position":"center center","background-size":"auto","background-attachment":"scroll","background-type":"","background-media":"","overlay-type":"","overlay-color":"","overlay-gradient":""},"mobile":{"background-color":"","background-image":"","background-repeat":"repeat","background-position":"center center","background-size":"auto","background-attachment":"scroll","background-type":"","background-media":"","overlay-type":"","overlay-color":"","overlay-gradient":""}},"ast-content-background-meta":{"desktop":{"background-color":"var(--ast-global-color-5)","background-image":"","background-repeat":"repeat","background-position":"center center","background-size":"auto","background-attachment":"scroll","background-type":"","background-media":"","overlay-type":"","overlay-color":"","overlay-gradient":""},"tablet":{"background-color":"var(--ast-global-color-5)","background-image":"","background-repeat":"repeat","background-position":"center center","background-size":"auto","background-attachment":"scroll","background-type":"","background-media":"","overlay-type":"","overlay-color":"","overlay-gradient":""},"mobile":{"background-color":"var(--ast-global-color-5)","background-image":"","background-repeat":"repeat","background-position":"center center","background-size":"auto","background-attachment":"scroll","background-type":"","background-media":"","overlay-type":"","overlay-color":"","overlay-gradient":""}}},"product_cat":[137,135],"product_tag":[],"giftcard-category":[],"acf":[],"_links":{"self":[{"href":"https:\/\/www.rr-om.com\/de\/wp-json\/wp\/v2\/product\/42705"}],"collection":[{"href":"https:\/\/www.rr-om.com\/de\/wp-json\/wp\/v2\/product"}],"about":[{"href":"https:\/\/www.rr-om.com\/de\/wp-json\/wp\/v2\/types\/product"}],"replies":[{"embeddable":true,"href":"https:\/\/www.rr-om.com\/de\/wp-json\/wp\/v2\/comments?post=42705"}],"wp:featuredmedia":[{"embeddable":true,"href":"https:\/\/www.rr-om.com\/de\/wp-json\/wp\/v2\/media\/43052"}],"wp:attachment":[{"href":"https:\/\/www.rr-om.com\/de\/wp-json\/wp\/v2\/media?parent=42705"}],"wp:term":[{"taxonomy":"product_cat","embeddable":true,"href":"https:\/\/www.rr-om.com\/de\/wp-json\/wp\/v2\/product_cat?post=42705"},{"taxonomy":"product_tag","embeddable":true,"href":"https:\/\/www.rr-om.com\/de\/wp-json\/wp\/v2\/product_tag?post=42705"},{"taxonomy":"giftcard-category","embeddable":true,"href":"https:\/\/www.rr-om.com\/de\/wp-json\/wp\/v2\/giftcard-category?post=42705"}],"curies":[{"name":"wp","href":"https:\/\/api.w.org\/{rel}","templated":true}]}}