{"id":42422,"date":"2022-11-10T23:00:18","date_gmt":"2023-08-03T09:36:18","guid":{"rendered":"https:\/\/www.rr-om.com\/product\/mintgruen-pro-matte\/"},"modified":"2023-08-03T11:36:18","modified_gmt":"2023-08-03T09:36:18","slug":"mint-green-pro","status":"publish","type":"product","link":"https:\/\/www.rr-om.com\/de\/produkt\/mint-green-pro\/","title":{"rendered":"Mintgr\u00fcn Pro Matte"},"content":{"rendered":"<p>Unsere gr\u00fcne Yogamatte bietet eine rutschfeste Oberfl\u00e4che f\u00fcr Ihre H\u00e4nde und F\u00fc\u00dfe, so dass Sie sich auf Ihre Praxis konzentrieren und Ihre Posen mit Leichtigkeit halten k\u00f6nnen. Unsere gr\u00fcne Yogamatte ist f\u00fcr eine lange Lebensdauer ausgelegt und h\u00e4lt dank ihrer robusten Konstruktion selbst den intensivsten Yoga\u00fcbungen stand. Und wenn es Zeit f\u00fcr die Reinigung ist, wischen Sie sie einfach mit einem feuchten Tuch ab oder bespr\u00fchen Sie sie mit unserem umweltfreundlichen Mattenreiniger.<\/p>\n","protected":false},"excerpt":{"rendered":"<p style=\"text-align: left;\">Treffen Sie unser \u2013<strong> M\u00dcNZGR\u00dcN<\/strong><strong>\u00a0&#8211; <\/strong>Yogamatte, f\u00fcr alle, die auf der Suche nach dem&#8230; STICKY GRIP sind.<\/p>\n<p style=\"text-align: left;\">Mit dieser Matte bleiben Sie auch bei Schwei\u00df STICK<br \/>\nDie PU-Deckschicht ist ein \u00e4u\u00dferst strapazierf\u00e4higes Material, das mit einer 5 mm dicken Unterlage aus Baumgummi verschmolzen ist. Leicht aufzurollen und bleibt nach dem Ausrollen dank des Gummis flach auf dem Boden liegen.<\/p>\n<p style=\"text-align: left;\">\n","protected":false},"featured_media":42332,"comment_status":"open","ping_status":"closed","template":"","meta":{"_acf_changed":false,"site-sidebar-layout":"default","site-content-layout":"default","ast-site-content-layout":"default","site-content-style":"default","site-sidebar-style":"default","ast-global-header-display":"","ast-banner-title-visibility":"","ast-main-header-display":"","ast-hfb-above-header-display":"","ast-hfb-below-header-display":"","ast-hfb-mobile-header-display":"","site-post-title":"","ast-breadcrumbs-content":"","ast-featured-img":"","footer-sml-layout":"","theme-transparent-header-meta":"default","adv-header-id-meta":"","stick-header-meta":"default","header-above-stick-meta":"","header-main-stick-meta":"","header-below-stick-meta":"","astra-migrate-meta-layouts":"","ast-page-background-enabled":"default","ast-page-background-meta":{"desktop":{"background-color":"","background-image":"","background-repeat":"repeat","background-position":"center center","background-size":"auto","background-attachment":"scroll","background-type":"","background-media":"","overlay-type":"","overlay-color":"","overlay-gradient":""},"tablet":{"background-color":"","background-image":"","background-repeat":"repeat","background-position":"center center","background-size":"auto","background-attachment":"scroll","background-type":"","background-media":"","overlay-type":"","overlay-color":"","overlay-gradient":""},"mobile":{"background-color":"","background-image":"","background-repeat":"repeat","background-position":"center center","background-size":"auto","background-attachment":"scroll","background-type":"","background-media":"","overlay-type":"","overlay-color":"","overlay-gradient":""}},"ast-content-background-meta":{"desktop":{"background-color":"var(--ast-global-color-5)","background-image":"","background-repeat":"repeat","background-position":"center center","background-size":"auto","background-attachment":"scroll","background-type":"","background-media":"","overlay-type":"","overlay-color":"","overlay-gradient":""},"tablet":{"background-color":"var(--ast-global-color-5)","background-image":"","background-repeat":"repeat","background-position":"center center","background-size":"auto","background-attachment":"scroll","background-type":"","background-media":"","overlay-type":"","overlay-color":"","overlay-gradient":""},"mobile":{"background-color":"var(--ast-global-color-5)","background-image":"","background-repeat":"repeat","background-position":"center center","background-size":"auto","background-attachment":"scroll","background-type":"","background-media":"","overlay-type":"","overlay-color":"","overlay-gradient":""}}},"product_cat":[137,141],"product_tag":[],"giftcard-category":[],"acf":[],"_links":{"self":[{"href":"https:\/\/www.rr-om.com\/de\/wp-json\/wp\/v2\/product\/42422"}],"collection":[{"href":"https:\/\/www.rr-om.com\/de\/wp-json\/wp\/v2\/product"}],"about":[{"href":"https:\/\/www.rr-om.com\/de\/wp-json\/wp\/v2\/types\/product"}],"replies":[{"embeddable":true,"href":"https:\/\/www.rr-om.com\/de\/wp-json\/wp\/v2\/comments?post=42422"}],"wp:featuredmedia":[{"embeddable":true,"href":"https:\/\/www.rr-om.com\/de\/wp-json\/wp\/v2\/media\/42332"}],"wp:attachment":[{"href":"https:\/\/www.rr-om.com\/de\/wp-json\/wp\/v2\/media?parent=42422"}],"wp:term":[{"taxonomy":"product_cat","embeddable":true,"href":"https:\/\/www.rr-om.com\/de\/wp-json\/wp\/v2\/product_cat?post=42422"},{"taxonomy":"product_tag","embeddable":true,"href":"https:\/\/www.rr-om.com\/de\/wp-json\/wp\/v2\/product_tag?post=42422"},{"taxonomy":"giftcard-category","embeddable":true,"href":"https:\/\/www.rr-om.com\/de\/wp-json\/wp\/v2\/giftcard-category?post=42422"}],"curies":[{"name":"wp","href":"https:\/\/api.w.org\/{rel}","templated":true}]}}