{"id":42421,"date":"2022-11-10T22:56:29","date_gmt":"2023-08-03T09:36:08","guid":{"rendered":"https:\/\/www.rr-om.com\/product\/marokkanisch-blau-pro-matte\/"},"modified":"2023-08-03T11:36:08","modified_gmt":"2023-08-03T09:36:08","slug":"moroccan-blue-pro","status":"publish","type":"product","link":"https:\/\/www.rr-om.com\/de\/produkt\/moroccan-blue-pro\/","title":{"rendered":"Marokkanisch Blau Pro Matte"},"content":{"rendered":"<p>Suchen Sie eine Yogamatte, die nicht nur bequem, sondern auch umweltfreundlich ist? Dann ist unsere blaue Yogamatte perfekt f\u00fcr Sie. Aus hochwertigem, rutschfestem Material gefertigt, bietet diese Matte eine bequeme und sichere Oberfl\u00e4che f\u00fcr Ihre Yogapraxis. Die rutschfeste Oberfl\u00e4che sorgt daf\u00fcr, dass Sie auch bei intensivem Training den Halt auf der Matte behalten. Das umweltfreundliche Material sorgt daf\u00fcr, dass Sie beim \u00dcben von Yoga nicht zur Umweltzerst\u00f6rung beitragen.<\/p>\n","protected":false},"excerpt":{"rendered":"<p style=\"text-align: left;\">Treffen Sie unser \u2013<strong> MOROCCAN BLUE<\/strong><strong>\u00a0&#8211; <\/strong>Yogamatte, f\u00fcr alle, die auf der Suche nach dem&#8230; STICKY GRIP sind.<\/p>\n<p style=\"text-align: left;\">Mit dieser Matte bleiben Sie auch bei Schwei\u00df STIC<br \/>\nDie PU-Deckschicht ist ein \u00e4u\u00dferst strapazierf\u00e4higes Material, das mit einer 5 mm dicken Unterlage aus Baumgummi verschmolzen ist. Leicht aufzurollen und bleibt nach dem Ausrollen dank des Gummis flach auf dem Boden liegen.<\/p>\n<p style=\"text-align: left;\">\n","protected":false},"featured_media":42335,"comment_status":"open","ping_status":"closed","template":"","meta":{"_acf_changed":false,"site-sidebar-layout":"default","site-content-layout":"default","ast-site-content-layout":"default","site-content-style":"default","site-sidebar-style":"default","ast-global-header-display":"","ast-banner-title-visibility":"","ast-main-header-display":"","ast-hfb-above-header-display":"","ast-hfb-below-header-display":"","ast-hfb-mobile-header-display":"","site-post-title":"","ast-breadcrumbs-content":"","ast-featured-img":"","footer-sml-layout":"","theme-transparent-header-meta":"default","adv-header-id-meta":"","stick-header-meta":"default","header-above-stick-meta":"","header-main-stick-meta":"","header-below-stick-meta":"","astra-migrate-meta-layouts":"","ast-page-background-enabled":"default","ast-page-background-meta":{"desktop":{"background-color":"","background-image":"","background-repeat":"repeat","background-position":"center center","background-size":"auto","background-attachment":"scroll","background-type":"","background-media":"","overlay-type":"","overlay-color":"","overlay-gradient":""},"tablet":{"background-color":"","background-image":"","background-repeat":"repeat","background-position":"center center","background-size":"auto","background-attachment":"scroll","background-type":"","background-media":"","overlay-type":"","overlay-color":"","overlay-gradient":""},"mobile":{"background-color":"","background-image":"","background-repeat":"repeat","background-position":"center center","background-size":"auto","background-attachment":"scroll","background-type":"","background-media":"","overlay-type":"","overlay-color":"","overlay-gradient":""}},"ast-content-background-meta":{"desktop":{"background-color":"var(--ast-global-color-5)","background-image":"","background-repeat":"repeat","background-position":"center center","background-size":"auto","background-attachment":"scroll","background-type":"","background-media":"","overlay-type":"","overlay-color":"","overlay-gradient":""},"tablet":{"background-color":"var(--ast-global-color-5)","background-image":"","background-repeat":"repeat","background-position":"center center","background-size":"auto","background-attachment":"scroll","background-type":"","background-media":"","overlay-type":"","overlay-color":"","overlay-gradient":""},"mobile":{"background-color":"var(--ast-global-color-5)","background-image":"","background-repeat":"repeat","background-position":"center center","background-size":"auto","background-attachment":"scroll","background-type":"","background-media":"","overlay-type":"","overlay-color":"","overlay-gradient":""}}},"product_cat":[137,141],"product_tag":[],"giftcard-category":[],"acf":[],"_links":{"self":[{"href":"https:\/\/www.rr-om.com\/de\/wp-json\/wp\/v2\/product\/42421"}],"collection":[{"href":"https:\/\/www.rr-om.com\/de\/wp-json\/wp\/v2\/product"}],"about":[{"href":"https:\/\/www.rr-om.com\/de\/wp-json\/wp\/v2\/types\/product"}],"replies":[{"embeddable":true,"href":"https:\/\/www.rr-om.com\/de\/wp-json\/wp\/v2\/comments?post=42421"}],"wp:featuredmedia":[{"embeddable":true,"href":"https:\/\/www.rr-om.com\/de\/wp-json\/wp\/v2\/media\/42335"}],"wp:attachment":[{"href":"https:\/\/www.rr-om.com\/de\/wp-json\/wp\/v2\/media?parent=42421"}],"wp:term":[{"taxonomy":"product_cat","embeddable":true,"href":"https:\/\/www.rr-om.com\/de\/wp-json\/wp\/v2\/product_cat?post=42421"},{"taxonomy":"product_tag","embeddable":true,"href":"https:\/\/www.rr-om.com\/de\/wp-json\/wp\/v2\/product_tag?post=42421"},{"taxonomy":"giftcard-category","embeddable":true,"href":"https:\/\/www.rr-om.com\/de\/wp-json\/wp\/v2\/giftcard-category?post=42421"}],"curies":[{"name":"wp","href":"https:\/\/api.w.org\/{rel}","templated":true}]}}