{"id":42416,"date":"2021-11-07T18:32:54","date_gmt":"2023-08-03T09:35:14","guid":{"rendered":"https:\/\/www.rr-om.com\/product\/stardust-pro-matte\/"},"modified":"2024-05-27T12:03:02","modified_gmt":"2024-05-27T10:03:02","slug":"stardust","status":"publish","type":"product","link":"https:\/\/www.rr-om.com\/de\/produkt\/stardust\/","title":{"rendered":"Stardust Pro Matte"},"content":{"rendered":"","protected":false},"excerpt":{"rendered":"<p>Die Matten aus der Artist Collection sind unser NEUES PRODUKT! Diese Drucke werden ausschlie\u00dflich von K\u00fcnstlern hergestellt. F\u00fcr unsere erste Kollektion haben wir mit der talentierten Illustratorin und Designerin (und Yogi) Marina Guiu aus unserer Heimatstadt Barcelona zusammengearbeitet. Sind Sie neugierig auf die Geschichte hinter diesen Matten? <a href=\"http:\/\/www.rr-om.com\/artist-collection\">Klicken Sie hier!<\/a><\/p>\n<p>Diese veganen Wildledermatten f\u00fchlen sich weich und luxuri\u00f6s an und machen es extrem einladend, auf der Matte zu stehen und die sanften \u00dcberg\u00e4nge zu genie\u00dfen!<\/p>\n<p>Die Magie hinter diesem Material ist, dass es die Traktion erh\u00f6ht, wenn Sie schwitzen! Das Material ist umso griffiger, je mehr Sie schwitzen &#8211; es gibt Ihnen den schwei\u00dftreibenden Halt eines Handtuchs und das Polster einer Yogamatte. Die untere Schicht dieser Matte haftet am Boden und sorgt daf\u00fcr, dass Sie die obere glatte Schicht genie\u00dfen k\u00f6nnen, ohne dass sie sich beim \u00dcben unter Ihren F\u00fc\u00dfen bewegt oder verformt. Verringert Ausrutschen und Verletzungen. Mit diesem All-IN-ONE-Produkt m\u00fcssen Sie nicht mehr eine Matte UND ein Handtuch mit in den Unterricht nehmen. Diese Matten werden mit einem schwarzen Tragegurt geliefert.<\/p>\n","protected":false},"featured_media":42204,"comment_status":"open","ping_status":"closed","template":"","meta":{"_acf_changed":false,"site-sidebar-layout":"default","site-content-layout":"default","ast-site-content-layout":"default","site-content-style":"default","site-sidebar-style":"default","ast-global-header-display":"","ast-banner-title-visibility":"","ast-main-header-display":"","ast-hfb-above-header-display":"","ast-hfb-below-header-display":"","ast-hfb-mobile-header-display":"","site-post-title":"","ast-breadcrumbs-content":"","ast-featured-img":"","footer-sml-layout":"","theme-transparent-header-meta":"default","adv-header-id-meta":"","stick-header-meta":"default","header-above-stick-meta":"","header-main-stick-meta":"","header-below-stick-meta":"","astra-migrate-meta-layouts":"","ast-page-background-enabled":"default","ast-page-background-meta":{"desktop":{"background-color":"","background-image":"","background-repeat":"repeat","background-position":"center center","background-size":"auto","background-attachment":"scroll","background-type":"","background-media":"","overlay-type":"","overlay-color":"","overlay-gradient":""},"tablet":{"background-color":"","background-image":"","background-repeat":"repeat","background-position":"center center","background-size":"auto","background-attachment":"scroll","background-type":"","background-media":"","overlay-type":"","overlay-color":"","overlay-gradient":""},"mobile":{"background-color":"","background-image":"","background-repeat":"repeat","background-position":"center center","background-size":"auto","background-attachment":"scroll","background-type":"","background-media":"","overlay-type":"","overlay-color":"","overlay-gradient":""}},"ast-content-background-meta":{"desktop":{"background-color":"var(--ast-global-color-5)","background-image":"","background-repeat":"repeat","background-position":"center center","background-size":"auto","background-attachment":"scroll","background-type":"","background-media":"","overlay-type":"","overlay-color":"","overlay-gradient":""},"tablet":{"background-color":"var(--ast-global-color-5)","background-image":"","background-repeat":"repeat","background-position":"center center","background-size":"auto","background-attachment":"scroll","background-type":"","background-media":"","overlay-type":"","overlay-color":"","overlay-gradient":""},"mobile":{"background-color":"var(--ast-global-color-5)","background-image":"","background-repeat":"repeat","background-position":"center center","background-size":"auto","background-attachment":"scroll","background-type":"","background-media":"","overlay-type":"","overlay-color":"","overlay-gradient":""}}},"product_cat":[137,135,142],"product_tag":[],"giftcard-category":[],"acf":[],"_links":{"self":[{"href":"https:\/\/www.rr-om.com\/de\/wp-json\/wp\/v2\/product\/42416"}],"collection":[{"href":"https:\/\/www.rr-om.com\/de\/wp-json\/wp\/v2\/product"}],"about":[{"href":"https:\/\/www.rr-om.com\/de\/wp-json\/wp\/v2\/types\/product"}],"replies":[{"embeddable":true,"href":"https:\/\/www.rr-om.com\/de\/wp-json\/wp\/v2\/comments?post=42416"}],"wp:featuredmedia":[{"embeddable":true,"href":"https:\/\/www.rr-om.com\/de\/wp-json\/wp\/v2\/media\/42204"}],"wp:attachment":[{"href":"https:\/\/www.rr-om.com\/de\/wp-json\/wp\/v2\/media?parent=42416"}],"wp:term":[{"taxonomy":"product_cat","embeddable":true,"href":"https:\/\/www.rr-om.com\/de\/wp-json\/wp\/v2\/product_cat?post=42416"},{"taxonomy":"product_tag","embeddable":true,"href":"https:\/\/www.rr-om.com\/de\/wp-json\/wp\/v2\/product_tag?post=42416"},{"taxonomy":"giftcard-category","embeddable":true,"href":"https:\/\/www.rr-om.com\/de\/wp-json\/wp\/v2\/giftcard-category?post=42416"}],"curies":[{"name":"wp","href":"https:\/\/api.w.org\/{rel}","templated":true}]}}