{"id":42409,"date":"2021-02-01T18:31:00","date_gmt":"2023-08-03T09:33:32","guid":{"rendered":"https:\/\/www.rr-om.com\/product\/turmeric-latte-travel-mat-e\/"},"modified":"2025-03-26T11:40:13","modified_gmt":"2025-03-26T10:40:13","slug":"turmeric-latte-travel-mat-e","status":"publish","type":"product","link":"https:\/\/www.rr-om.com\/de\/produkt\/turmeric-latte-travel-mat-e\/","title":{"rendered":"TURMERIC LATTE Travel Mat-E"},"content":{"rendered":"","protected":false},"excerpt":{"rendered":"<p>Darf ich vorstellen: Ihre neue TRAVEL MATE, eine superd\u00fcnne 1mm Yogamatte, leicht und einfach in der Hand zu tragen, f\u00fcr den t\u00e4glichen Gebrauch. Aufgrund ihrer geringen Dicke ist sie daf\u00fcr gedacht, auf eine Studiomatte gelegt zu werden, oder auf eine alte Matte, die Sie bereits zu Hause haben und die ausreichend D\u00e4mpfung f\u00fcr Ihre Knie bietet!<br \/>\nIdeal zum Mitnehmen ins Flugzeug f\u00fcr den n\u00e4chsten YOGA RETREAT!<\/p>\n<p>Diese veganen Wildledermatten f\u00fchlen sich weich und luxuri\u00f6s an und machen das Sitzen auf der Matte extrem einladend! Die Magie hinter diesem Material ist, dass es Ihnen eine gro\u00dfartige rutschfeste Oberfl\u00e4che bietet. Erh\u00f6ht die Traktion, wenn Sie schwitzen!<br \/>\nWird mit einem schwarzen Armband geliefert.<\/p>\n","protected":false},"featured_media":42919,"comment_status":"open","ping_status":"closed","template":"","meta":{"_acf_changed":false,"site-sidebar-layout":"default","site-content-layout":"default","ast-site-content-layout":"default","site-content-style":"default","site-sidebar-style":"default","ast-global-header-display":"","ast-banner-title-visibility":"","ast-main-header-display":"","ast-hfb-above-header-display":"","ast-hfb-below-header-display":"","ast-hfb-mobile-header-display":"","site-post-title":"","ast-breadcrumbs-content":"","ast-featured-img":"","footer-sml-layout":"","theme-transparent-header-meta":"default","adv-header-id-meta":"","stick-header-meta":"default","header-above-stick-meta":"","header-main-stick-meta":"","header-below-stick-meta":"","astra-migrate-meta-layouts":"","ast-page-background-enabled":"default","ast-page-background-meta":{"desktop":{"background-color":"","background-image":"","background-repeat":"repeat","background-position":"center center","background-size":"auto","background-attachment":"scroll","background-type":"","background-media":"","overlay-type":"","overlay-color":"","overlay-gradient":""},"tablet":{"background-color":"","background-image":"","background-repeat":"repeat","background-position":"center center","background-size":"auto","background-attachment":"scroll","background-type":"","background-media":"","overlay-type":"","overlay-color":"","overlay-gradient":""},"mobile":{"background-color":"","background-image":"","background-repeat":"repeat","background-position":"center center","background-size":"auto","background-attachment":"scroll","background-type":"","background-media":"","overlay-type":"","overlay-color":"","overlay-gradient":""}},"ast-content-background-meta":{"desktop":{"background-color":"var(--ast-global-color-5)","background-image":"","background-repeat":"repeat","background-position":"center center","background-size":"auto","background-attachment":"scroll","background-type":"","background-media":"","overlay-type":"","overlay-color":"","overlay-gradient":""},"tablet":{"background-color":"var(--ast-global-color-5)","background-image":"","background-repeat":"repeat","background-position":"center center","background-size":"auto","background-attachment":"scroll","background-type":"","background-media":"","overlay-type":"","overlay-color":"","overlay-gradient":""},"mobile":{"background-color":"var(--ast-global-color-5)","background-image":"","background-repeat":"repeat","background-position":"center center","background-size":"auto","background-attachment":"scroll","background-type":"","background-media":"","overlay-type":"","overlay-color":"","overlay-gradient":""}}},"product_cat":[137,135,140],"product_tag":[],"giftcard-category":[],"acf":[],"_links":{"self":[{"href":"https:\/\/www.rr-om.com\/de\/wp-json\/wp\/v2\/product\/42409"}],"collection":[{"href":"https:\/\/www.rr-om.com\/de\/wp-json\/wp\/v2\/product"}],"about":[{"href":"https:\/\/www.rr-om.com\/de\/wp-json\/wp\/v2\/types\/product"}],"replies":[{"embeddable":true,"href":"https:\/\/www.rr-om.com\/de\/wp-json\/wp\/v2\/comments?post=42409"}],"wp:featuredmedia":[{"embeddable":true,"href":"https:\/\/www.rr-om.com\/de\/wp-json\/wp\/v2\/media\/42919"}],"wp:attachment":[{"href":"https:\/\/www.rr-om.com\/de\/wp-json\/wp\/v2\/media?parent=42409"}],"wp:term":[{"taxonomy":"product_cat","embeddable":true,"href":"https:\/\/www.rr-om.com\/de\/wp-json\/wp\/v2\/product_cat?post=42409"},{"taxonomy":"product_tag","embeddable":true,"href":"https:\/\/www.rr-om.com\/de\/wp-json\/wp\/v2\/product_tag?post=42409"},{"taxonomy":"giftcard-category","embeddable":true,"href":"https:\/\/www.rr-om.com\/de\/wp-json\/wp\/v2\/giftcard-category?post=42409"}],"curies":[{"name":"wp","href":"https:\/\/api.w.org\/{rel}","templated":true}]}}