{"id":42406,"date":"2021-02-02T18:11:53","date_gmt":"2023-08-03T09:32:54","guid":{"rendered":"https:\/\/www.rr-om.com\/product\/turmeric-latte-pro-mat\/"},"modified":"2023-08-03T11:32:55","modified_gmt":"2023-08-03T09:32:55","slug":"turmeric-latte","status":"publish","type":"product","link":"https:\/\/www.rr-om.com\/de\/produkt\/turmeric-latte\/","title":{"rendered":"TURMERIC LATTE Pro Mat"},"content":{"rendered":"","protected":false},"excerpt":{"rendered":"<p>Diese veganen Wildledermatten f\u00fchlen sich weich und luxuri\u00f6s an und machen das Sitzen auf der Matte extrem einladend!<\/p>\n<p>Die Magie hinter diesem Material besteht darin, dass es dir eine gro\u00dfartige, rutschfeste Oberfl\u00e4che bietet, die sich beim \u00dcben nicht bewegt oder unter deinen F\u00fc\u00dfen verknotet. Es gibt dir den schwei\u00dftreibenden Halt eines Handtuchs und das Polster einer Yogamatte. Erh\u00f6ht die Bodenhaftung, w\u00e4hrend Sie schwitzen! Weniger Ausrutschen, weniger Verletzungen und Sie m\u00fcssen nicht mehr eine Matte UND ein Handtuch zum Unterricht mitbringen. Alles-in-einem-Produkt. Wird mit einem schwarzen Gurt geliefert.<\/p>\n","protected":false},"featured_media":42907,"comment_status":"open","ping_status":"closed","template":"","meta":{"_acf_changed":false,"site-sidebar-layout":"default","site-content-layout":"default","ast-site-content-layout":"default","site-content-style":"default","site-sidebar-style":"default","ast-global-header-display":"","ast-banner-title-visibility":"","ast-main-header-display":"","ast-hfb-above-header-display":"","ast-hfb-below-header-display":"","ast-hfb-mobile-header-display":"","site-post-title":"","ast-breadcrumbs-content":"","ast-featured-img":"","footer-sml-layout":"","theme-transparent-header-meta":"default","adv-header-id-meta":"","stick-header-meta":"default","header-above-stick-meta":"","header-main-stick-meta":"","header-below-stick-meta":"","astra-migrate-meta-layouts":"","ast-page-background-enabled":"default","ast-page-background-meta":{"desktop":{"background-color":"","background-image":"","background-repeat":"repeat","background-position":"center center","background-size":"auto","background-attachment":"scroll","background-type":"","background-media":"","overlay-type":"","overlay-color":"","overlay-gradient":""},"tablet":{"background-color":"","background-image":"","background-repeat":"repeat","background-position":"center center","background-size":"auto","background-attachment":"scroll","background-type":"","background-media":"","overlay-type":"","overlay-color":"","overlay-gradient":""},"mobile":{"background-color":"","background-image":"","background-repeat":"repeat","background-position":"center center","background-size":"auto","background-attachment":"scroll","background-type":"","background-media":"","overlay-type":"","overlay-color":"","overlay-gradient":""}},"ast-content-background-meta":{"desktop":{"background-color":"var(--ast-global-color-5)","background-image":"","background-repeat":"repeat","background-position":"center center","background-size":"auto","background-attachment":"scroll","background-type":"","background-media":"","overlay-type":"","overlay-color":"","overlay-gradient":""},"tablet":{"background-color":"var(--ast-global-color-5)","background-image":"","background-repeat":"repeat","background-position":"center center","background-size":"auto","background-attachment":"scroll","background-type":"","background-media":"","overlay-type":"","overlay-color":"","overlay-gradient":""},"mobile":{"background-color":"var(--ast-global-color-5)","background-image":"","background-repeat":"repeat","background-position":"center center","background-size":"auto","background-attachment":"scroll","background-type":"","background-media":"","overlay-type":"","overlay-color":"","overlay-gradient":""}}},"product_cat":[137,135,136],"product_tag":[],"giftcard-category":[],"acf":[],"_links":{"self":[{"href":"https:\/\/www.rr-om.com\/de\/wp-json\/wp\/v2\/product\/42406"}],"collection":[{"href":"https:\/\/www.rr-om.com\/de\/wp-json\/wp\/v2\/product"}],"about":[{"href":"https:\/\/www.rr-om.com\/de\/wp-json\/wp\/v2\/types\/product"}],"replies":[{"embeddable":true,"href":"https:\/\/www.rr-om.com\/de\/wp-json\/wp\/v2\/comments?post=42406"}],"wp:featuredmedia":[{"embeddable":true,"href":"https:\/\/www.rr-om.com\/de\/wp-json\/wp\/v2\/media\/42907"}],"wp:attachment":[{"href":"https:\/\/www.rr-om.com\/de\/wp-json\/wp\/v2\/media?parent=42406"}],"wp:term":[{"taxonomy":"product_cat","embeddable":true,"href":"https:\/\/www.rr-om.com\/de\/wp-json\/wp\/v2\/product_cat?post=42406"},{"taxonomy":"product_tag","embeddable":true,"href":"https:\/\/www.rr-om.com\/de\/wp-json\/wp\/v2\/product_tag?post=42406"},{"taxonomy":"giftcard-category","embeddable":true,"href":"https:\/\/www.rr-om.com\/de\/wp-json\/wp\/v2\/giftcard-category?post=42406"}],"curies":[{"name":"wp","href":"https:\/\/api.w.org\/{rel}","templated":true}]}}